{"id":60,"date":"2015-12-16T08:58:57","date_gmt":"2015-12-16T08:58:57","guid":{"rendered":"https:\/\/middelalderdage.wordpress.com\/?page_id=60"},"modified":"2016-02-04T10:55:52","modified_gmt":"2016-02-04T10:55:52","slug":"om-esrum-kloster","status":"publish","type":"page","link":"https:\/\/www.runemester.dk\/middelalderdage\/om-esrum-kloster\/","title":{"rendered":"[:da]Esrum Kloster[:en]Esrum Abbey[:]"},"content":{"rendered":"[:da]\n<h3>Kloster, jagtslot, stutteri, f\u00e6ngsel, posthus \u2026<\/h3>\n<p>Den bygning, vi i dag kalder Esrum Kloster, er kun en br\u00f8kdel af middelalderens store klosterkompleks. Den eksisterende bygning er en senmiddelalderlig l\u00e6nge fra Esrum Klosters \u00f8stre g\u00e5rd. Resten af komplekset blevet revet ned efter reformationen, men under flere af de n\u00e6rliggende parcelhuse i Esrum findes stadig rester af bygningerne.<\/p>\n<p>Cistercienserklostret blev grundlagt i 1151 p\u00e5 \u00e6rkebiskop Eskils initiativ. Klosteret var l\u00e6nge det mest betydningsfulde cistercienserkloster i Norden og et af knudepunkterne i ordenens f\u00e6lleseurop\u00e6iske netv\u00e6rk.<\/p>\n<p>Gaver fra konger, storm\u00e6nd og andre velg\u00f8rere gav Esrum Kloster et solidt \u00f8konomisk fundament, og klosteret var en betydelig jordejer i Nordsj\u00e6lland.<\/p>\n<p>Efter reformationen fik klostret lov til at fungere frem til 1559. Herefter blev de sidste munke overf\u00f8rt til bl.a. Sor\u00f8 Kloster. Klosterets jord og ejendom blev krongods, og Nordsj\u00e6lland blev kongernes rekreations- og jagtomr\u00e5de gennem de f\u00f8lgende \u00e5rhundreder. Kronen iv\u00e6rksatte nedrivningen af det store klosterkompleks, og munkestenene blev genanvendt bl.a. til Frederiksborg Slot og Kronborg Slot.\u00a0 Den eneste bygning, der blev bevaret, var klosterets administrationsbygning, der tjente som kongens jagtslot i Esrum.<\/p>\n<p>Efterf\u00f8lgende har stedet v\u00e6ret anvendt til stutteri, dragonkaserne, amtstue, f\u00e6ngsel, apotek, posthus, b\u00f8rnepension, flygtningelejr og privatbolig.<\/p>\n<p>I f\u00f8rste halvdel af 1990\u2019erne begyndte Frederiksborg Amtsr\u00e5d sammen med en r\u00e6kke fonde og private restaureringen af selve klosterbygningen, og i 1997 \u00e5bnede Esrum Kloster for offentligheden.<\/p>\n<p>I dag er Esrum Kloster &amp; M\u00f8lleg\u00e5rd en oplevelsesattraktion med faste og skiftende udstillinger, events, koncerter, undervisning, caf\u00e9, butik og meget mere.<\/p>\n<h3><\/h3>\n<h3><\/h3>\n[:en]\n<h3><strong>Abbey,\u00a0hunting castle, studfarm, post office\u2026<\/strong><\/h3>\n<p>Esrum Abbey, was \u00a0a Cistercian\u00a0monastery founded in 1151 by archbishop Eskil, \u00a0located in Northern Zealand, Denmark.<\/p>\n<p>Esrum became in the course of time the mother house of a number of other important Cistercian foundations.\u00a0The monastery was long the most important Cistercian monastery in Scandinavia\u00a0and one of the focal points in the Cistercian pan-European network.<\/p>\n<p>In 1536\u00a0Denmark became officially Lutheran and Esrum became a crown estate. It was allowed to continue to function as a monastery until 1559, when the remaining 11 monks and the abbot were despatched to Sor\u00f8 Abbey.\u00a0The buildings at Esrum were then largely dismantled for building materials, apparently for use at Frederiksborg Castel and\u00a0Kronborg Castel\u00a0to which the abbey estate was given.<\/p>\n<p>In the 17th century the remaining structures were converted into a hunting lodge for the king and his courtiers, and the site was also used as a stud farm\u00a0until 1717, after which it became a barracks for dragoons\u00a0until 1746. From then on the buildings were used for a variety of military and civil administrative offices, becoming the property of the local government administration.<\/p>\n<p>During World War II\u00a0the site was temporarily taken over as secure storage for the Danish National Archives, and immediately after the war was used for the accommodation of Latvian\u00a0refugees.<\/p>\n<p>Still today a part of the earlier so mighty Esrum Abbey remains, preserved in beautiful natural surroundings north of Esrum Lake. A visit to Esrum Abbey is a journey of discovery into the cultural, natural and religious universe. A unique possibility for peace and absorption, but also for exciting experiences, exhibitions and a varied cultural programme.<\/p>\n<h3><\/h3>\n[:]\n","protected":false},"excerpt":{"rendered":"<p>[:da] Kloster, jagtslot, stutteri, f\u00e6ngsel, posthus \u2026 Den bygning, vi i dag kalder Esrum Kloster, er kun en br\u00f8kdel af middelalderens store klosterkompleks. Den eksisterende bygning er en senmiddelalderlig l\u00e6nge fra Esrum Klosters \u00f8stre g\u00e5rd. Resten af komplekset blevet revet ned efter reformationen, men under flere af de n\u00e6rliggende parcelhuse i Esrum findes stadig rester [&hellip;]<\/p>\n","protected":false},"author":2,"featured_media":0,"parent":0,"menu_order":0,"comment_status":"closed","ping_status":"closed","template":"","meta":{"footnotes":""},"class_list":["post-60","page","type-page","status-publish","hentry"],"yoast_head":"<!-- This site is optimized with the Yoast SEO plugin v26.5 - https:\/\/yoast.com\/wordpress\/plugins\/seo\/ -->\n<title>[:da]Esrum Kloster[:en]Esrum Abbey[:] - Esrum Middelalderdage<\/title>\n<meta name=\"robots\" content=\"index, follow, max-snippet:-1, max-image-preview:large, max-video-preview:-1\" \/>\n<link rel=\"canonical\" href=\"https:\/\/www.runemester.dk\/middelalderdage\/om-esrum-kloster\/\" \/>\n<meta property=\"og:locale\" content=\"da_DK\" \/>\n<meta property=\"og:type\" content=\"article\" \/>\n<meta property=\"og:title\" content=\"[:da]Esrum Kloster[:en]Esrum Abbey[:] - Esrum Middelalderdage\" \/>\n<meta property=\"og:description\" content=\"[:da] Kloster, jagtslot, stutteri, f\u00e6ngsel, posthus \u2026 Den bygning, vi i dag kalder Esrum Kloster, er kun en br\u00f8kdel af middelalderens store klosterkompleks. Den eksisterende bygning er en senmiddelalderlig l\u00e6nge fra Esrum Klosters \u00f8stre g\u00e5rd. Resten af komplekset blevet revet ned efter reformationen, men under flere af de n\u00e6rliggende parcelhuse i Esrum findes stadig rester [&hellip;]\" \/>\n<meta property=\"og:url\" content=\"https:\/\/www.runemester.dk\/middelalderdage\/om-esrum-kloster\/\" \/>\n<meta property=\"og:site_name\" content=\"Esrum Middelalderdage\" \/>\n<meta property=\"article:modified_time\" content=\"2016-02-04T10:55:52+00:00\" \/>\n<meta name=\"twitter:card\" content=\"summary_large_image\" \/>\n<meta name=\"twitter:label1\" content=\"Estimeret l\u00e6setid\" \/>\n\t<meta name=\"twitter:data1\" content=\"3 minutter\" \/>\n<script type=\"application\/ld+json\" class=\"yoast-schema-graph\">{\"@context\":\"https:\/\/schema.org\",\"@graph\":[{\"@type\":\"WebPage\",\"@id\":\"https:\/\/www.runemester.dk\/middelalderdage\/om-esrum-kloster\/\",\"url\":\"https:\/\/www.runemester.dk\/middelalderdage\/om-esrum-kloster\/\",\"name\":\"[:da]Esrum Kloster[:en]Esrum Abbey[:] - Esrum Middelalderdage\",\"isPartOf\":{\"@id\":\"https:\/\/www.runemester.dk\/middelalderdage\/#website\"},\"datePublished\":\"2015-12-16T08:58:57+00:00\",\"dateModified\":\"2016-02-04T10:55:52+00:00\",\"breadcrumb\":{\"@id\":\"https:\/\/www.runemester.dk\/middelalderdage\/om-esrum-kloster\/#breadcrumb\"},\"inLanguage\":\"da-DK\",\"potentialAction\":[{\"@type\":\"ReadAction\",\"target\":[\"https:\/\/www.runemester.dk\/middelalderdage\/om-esrum-kloster\/\"]}]},{\"@type\":\"BreadcrumbList\",\"@id\":\"https:\/\/www.runemester.dk\/middelalderdage\/om-esrum-kloster\/#breadcrumb\",\"itemListElement\":[{\"@type\":\"ListItem\",\"position\":1,\"name\":\"Hjem\",\"item\":\"https:\/\/www.runemester.dk\/middelalderdage\/\"},{\"@type\":\"ListItem\",\"position\":2,\"name\":\"[:da]Esrum Kloster[:en]Esrum Abbey[:]\"}]},{\"@type\":\"WebSite\",\"@id\":\"https:\/\/www.runemester.dk\/middelalderdage\/#website\",\"url\":\"https:\/\/www.runemester.dk\/middelalderdage\/\",\"name\":\"Esrum Middelalderdage\",\"description\":\"[:da]For bodholdere og deltagende | 26. juni - 4. juli 2021[:en]For bodholdere og deltagende | 15 og 16. juni 2019[:]\",\"potentialAction\":[{\"@type\":\"SearchAction\",\"target\":{\"@type\":\"EntryPoint\",\"urlTemplate\":\"https:\/\/www.runemester.dk\/middelalderdage\/?s={search_term_string}\"},\"query-input\":{\"@type\":\"PropertyValueSpecification\",\"valueRequired\":true,\"valueName\":\"search_term_string\"}}],\"inLanguage\":\"da-DK\"}]}<\/script>\n<!-- \/ Yoast SEO plugin. -->","yoast_head_json":{"title":"[:da]Esrum Kloster[:en]Esrum Abbey[:] - Esrum Middelalderdage","robots":{"index":"index","follow":"follow","max-snippet":"max-snippet:-1","max-image-preview":"max-image-preview:large","max-video-preview":"max-video-preview:-1"},"canonical":"https:\/\/www.runemester.dk\/middelalderdage\/om-esrum-kloster\/","og_locale":"da_DK","og_type":"article","og_title":"[:da]Esrum Kloster[:en]Esrum Abbey[:] - Esrum Middelalderdage","og_description":"[:da] Kloster, jagtslot, stutteri, f\u00e6ngsel, posthus \u2026 Den bygning, vi i dag kalder Esrum Kloster, er kun en br\u00f8kdel af middelalderens store klosterkompleks. Den eksisterende bygning er en senmiddelalderlig l\u00e6nge fra Esrum Klosters \u00f8stre g\u00e5rd. Resten af komplekset blevet revet ned efter reformationen, men under flere af de n\u00e6rliggende parcelhuse i Esrum findes stadig rester [&hellip;]","og_url":"https:\/\/www.runemester.dk\/middelalderdage\/om-esrum-kloster\/","og_site_name":"Esrum Middelalderdage","article_modified_time":"2016-02-04T10:55:52+00:00","twitter_card":"summary_large_image","twitter_misc":{"Estimeret l\u00e6setid":"3 minutter"},"schema":{"@context":"https:\/\/schema.org","@graph":[{"@type":"WebPage","@id":"https:\/\/www.runemester.dk\/middelalderdage\/om-esrum-kloster\/","url":"https:\/\/www.runemester.dk\/middelalderdage\/om-esrum-kloster\/","name":"[:da]Esrum Kloster[:en]Esrum Abbey[:] - Esrum Middelalderdage","isPartOf":{"@id":"https:\/\/www.runemester.dk\/middelalderdage\/#website"},"datePublished":"2015-12-16T08:58:57+00:00","dateModified":"2016-02-04T10:55:52+00:00","breadcrumb":{"@id":"https:\/\/www.runemester.dk\/middelalderdage\/om-esrum-kloster\/#breadcrumb"},"inLanguage":"da-DK","potentialAction":[{"@type":"ReadAction","target":["https:\/\/www.runemester.dk\/middelalderdage\/om-esrum-kloster\/"]}]},{"@type":"BreadcrumbList","@id":"https:\/\/www.runemester.dk\/middelalderdage\/om-esrum-kloster\/#breadcrumb","itemListElement":[{"@type":"ListItem","position":1,"name":"Hjem","item":"https:\/\/www.runemester.dk\/middelalderdage\/"},{"@type":"ListItem","position":2,"name":"[:da]Esrum Kloster[:en]Esrum Abbey[:]"}]},{"@type":"WebSite","@id":"https:\/\/www.runemester.dk\/middelalderdage\/#website","url":"https:\/\/www.runemester.dk\/middelalderdage\/","name":"Esrum Middelalderdage","description":"[:da]For bodholdere og deltagende | 26. juni - 4. juli 2021[:en]For bodholdere og deltagende | 15 og 16. juni 2019[:]","potentialAction":[{"@type":"SearchAction","target":{"@type":"EntryPoint","urlTemplate":"https:\/\/www.runemester.dk\/middelalderdage\/?s={search_term_string}"},"query-input":{"@type":"PropertyValueSpecification","valueRequired":true,"valueName":"search_term_string"}}],"inLanguage":"da-DK"}]}},"_links":{"self":[{"href":"https:\/\/www.runemester.dk\/middelalderdage\/wp-json\/wp\/v2\/pages\/60","targetHints":{"allow":["GET"]}}],"collection":[{"href":"https:\/\/www.runemester.dk\/middelalderdage\/wp-json\/wp\/v2\/pages"}],"about":[{"href":"https:\/\/www.runemester.dk\/middelalderdage\/wp-json\/wp\/v2\/types\/page"}],"author":[{"embeddable":true,"href":"https:\/\/www.runemester.dk\/middelalderdage\/wp-json\/wp\/v2\/users\/2"}],"replies":[{"embeddable":true,"href":"https:\/\/www.runemester.dk\/middelalderdage\/wp-json\/wp\/v2\/comments?post=60"}],"version-history":[{"count":10,"href":"https:\/\/www.runemester.dk\/middelalderdage\/wp-json\/wp\/v2\/pages\/60\/revisions"}],"predecessor-version":[{"id":481,"href":"https:\/\/www.runemester.dk\/middelalderdage\/wp-json\/wp\/v2\/pages\/60\/revisions\/481"}],"wp:attachment":[{"href":"https:\/\/www.runemester.dk\/middelalderdage\/wp-json\/wp\/v2\/media?parent=60"}],"curies":[{"name":"wp","href":"https:\/\/api.w.org\/{rel}","templated":true}]}}