{"id":215,"date":"2016-01-13T11:55:20","date_gmt":"2016-01-13T11:55:20","guid":{"rendered":"https:\/\/middelalderdage.wordpress.com\/madordning-boder\/"},"modified":"2017-02-21T10:24:04","modified_gmt":"2017-02-21T09:24:04","slug":"madordning-boder","status":"publish","type":"page","link":"https:\/\/www.runemester.dk\/middelalderdage\/bodholdere\/madordning-boder\/","title":{"rendered":"[:da]Madordning[:en]Meals[:]"},"content":{"rendered":"[:da]Som bodholder er det muligt at tilmelde sig vores madordning. Madordningen d\u00e6kker over morgenmad og frokost l\u00f8rdag og s\u00f8ndag samt aftensmad l\u00f8rdag. Prisen for madordningen er 250 kr. pr. voksen og 125 kr. pr barn.<\/p>\n<p>&nbsp;[:en]As a stallholder it is possible to join our canteen service. The service covers breakfast and lunch Saturday and Sunday and dinner Saturday. The price for the canteen service is 250 DKK. Per. adult and 125 DKK. per child.<\/p>\n<p>&nbsp;<\/p>\n<p>&nbsp;[:]\n","protected":false},"excerpt":{"rendered":"<p>[:da]Som bodholder er det muligt at tilmelde sig vores madordning. Madordningen d\u00e6kker over morgenmad og frokost l\u00f8rdag og s\u00f8ndag samt aftensmad l\u00f8rdag. Prisen for madordningen er 250 kr. pr. voksen og 125 kr. pr barn. &nbsp;[:en]As a stallholder it is possible to join our canteen service. The service covers breakfast and lunch Saturday and Sunday [&hellip;]<\/p>\n","protected":false},"author":2,"featured_media":0,"parent":178,"menu_order":0,"comment_status":"closed","ping_status":"closed","template":"","meta":{"footnotes":""},"class_list":["post-215","page","type-page","status-publish","hentry"],"yoast_head":"<!-- This site is optimized with the Yoast SEO plugin v26.5 - https:\/\/yoast.com\/wordpress\/plugins\/seo\/ -->\n<title>[:da]Madordning[:en]Meals[:] - Esrum Middelalderdage<\/title>\n<meta name=\"robots\" content=\"index, follow, max-snippet:-1, max-image-preview:large, max-video-preview:-1\" \/>\n<link rel=\"canonical\" href=\"https:\/\/www.runemester.dk\/middelalderdage\/bodholdere\/madordning-boder\/\" \/>\n<meta property=\"og:locale\" content=\"da_DK\" \/>\n<meta property=\"og:type\" content=\"article\" \/>\n<meta property=\"og:title\" content=\"[:da]Madordning[:en]Meals[:] - Esrum Middelalderdage\" \/>\n<meta property=\"og:description\" content=\"[:da]Som bodholder er det muligt at tilmelde sig vores madordning. Madordningen d\u00e6kker over morgenmad og frokost l\u00f8rdag og s\u00f8ndag samt aftensmad l\u00f8rdag. Prisen for madordningen er 250 kr. pr. voksen og 125 kr. pr barn. &nbsp;[:en]As a stallholder it is possible to join our canteen service. The service covers breakfast and lunch Saturday and Sunday [&hellip;]\" \/>\n<meta property=\"og:url\" content=\"https:\/\/www.runemester.dk\/middelalderdage\/bodholdere\/madordning-boder\/\" \/>\n<meta property=\"og:site_name\" content=\"Esrum Middelalderdage\" \/>\n<meta property=\"article:modified_time\" content=\"2017-02-21T09:24:04+00:00\" \/>\n<meta name=\"twitter:card\" content=\"summary_large_image\" \/>\n<script type=\"application\/ld+json\" class=\"yoast-schema-graph\">{\"@context\":\"https:\/\/schema.org\",\"@graph\":[{\"@type\":\"WebPage\",\"@id\":\"https:\/\/www.runemester.dk\/middelalderdage\/bodholdere\/madordning-boder\/\",\"url\":\"https:\/\/www.runemester.dk\/middelalderdage\/bodholdere\/madordning-boder\/\",\"name\":\"[:da]Madordning[:en]Meals[:] - Esrum Middelalderdage\",\"isPartOf\":{\"@id\":\"https:\/\/www.runemester.dk\/middelalderdage\/#website\"},\"datePublished\":\"2016-01-13T11:55:20+00:00\",\"dateModified\":\"2017-02-21T09:24:04+00:00\",\"breadcrumb\":{\"@id\":\"https:\/\/www.runemester.dk\/middelalderdage\/bodholdere\/madordning-boder\/#breadcrumb\"},\"inLanguage\":\"da-DK\",\"potentialAction\":[{\"@type\":\"ReadAction\",\"target\":[\"https:\/\/www.runemester.dk\/middelalderdage\/bodholdere\/madordning-boder\/\"]}]},{\"@type\":\"BreadcrumbList\",\"@id\":\"https:\/\/www.runemester.dk\/middelalderdage\/bodholdere\/madordning-boder\/#breadcrumb\",\"itemListElement\":[{\"@type\":\"ListItem\",\"position\":1,\"name\":\"Hjem\",\"item\":\"https:\/\/www.runemester.dk\/middelalderdage\/\"},{\"@type\":\"ListItem\",\"position\":2,\"name\":\"[:da]Bodholdere[:en]Trade[:]\",\"item\":\"https:\/\/www.runemester.dk\/middelalderdage\/bodholdere\/\"},{\"@type\":\"ListItem\",\"position\":3,\"name\":\"[:da]Madordning[:en]Meals[:]\"}]},{\"@type\":\"WebSite\",\"@id\":\"https:\/\/www.runemester.dk\/middelalderdage\/#website\",\"url\":\"https:\/\/www.runemester.dk\/middelalderdage\/\",\"name\":\"Esrum Middelalderdage\",\"description\":\"[:da]For bodholdere og deltagende | 26. juni - 4. juli 2021[:en]For bodholdere og deltagende | 15 og 16. juni 2019[:]\",\"potentialAction\":[{\"@type\":\"SearchAction\",\"target\":{\"@type\":\"EntryPoint\",\"urlTemplate\":\"https:\/\/www.runemester.dk\/middelalderdage\/?s={search_term_string}\"},\"query-input\":{\"@type\":\"PropertyValueSpecification\",\"valueRequired\":true,\"valueName\":\"search_term_string\"}}],\"inLanguage\":\"da-DK\"}]}<\/script>\n<!-- \/ Yoast SEO plugin. -->","yoast_head_json":{"title":"[:da]Madordning[:en]Meals[:] - Esrum Middelalderdage","robots":{"index":"index","follow":"follow","max-snippet":"max-snippet:-1","max-image-preview":"max-image-preview:large","max-video-preview":"max-video-preview:-1"},"canonical":"https:\/\/www.runemester.dk\/middelalderdage\/bodholdere\/madordning-boder\/","og_locale":"da_DK","og_type":"article","og_title":"[:da]Madordning[:en]Meals[:] - Esrum Middelalderdage","og_description":"[:da]Som bodholder er det muligt at tilmelde sig vores madordning. Madordningen d\u00e6kker over morgenmad og frokost l\u00f8rdag og s\u00f8ndag samt aftensmad l\u00f8rdag. Prisen for madordningen er 250 kr. pr. voksen og 125 kr. pr barn. &nbsp;[:en]As a stallholder it is possible to join our canteen service. The service covers breakfast and lunch Saturday and Sunday [&hellip;]","og_url":"https:\/\/www.runemester.dk\/middelalderdage\/bodholdere\/madordning-boder\/","og_site_name":"Esrum Middelalderdage","article_modified_time":"2017-02-21T09:24:04+00:00","twitter_card":"summary_large_image","schema":{"@context":"https:\/\/schema.org","@graph":[{"@type":"WebPage","@id":"https:\/\/www.runemester.dk\/middelalderdage\/bodholdere\/madordning-boder\/","url":"https:\/\/www.runemester.dk\/middelalderdage\/bodholdere\/madordning-boder\/","name":"[:da]Madordning[:en]Meals[:] - Esrum Middelalderdage","isPartOf":{"@id":"https:\/\/www.runemester.dk\/middelalderdage\/#website"},"datePublished":"2016-01-13T11:55:20+00:00","dateModified":"2017-02-21T09:24:04+00:00","breadcrumb":{"@id":"https:\/\/www.runemester.dk\/middelalderdage\/bodholdere\/madordning-boder\/#breadcrumb"},"inLanguage":"da-DK","potentialAction":[{"@type":"ReadAction","target":["https:\/\/www.runemester.dk\/middelalderdage\/bodholdere\/madordning-boder\/"]}]},{"@type":"BreadcrumbList","@id":"https:\/\/www.runemester.dk\/middelalderdage\/bodholdere\/madordning-boder\/#breadcrumb","itemListElement":[{"@type":"ListItem","position":1,"name":"Hjem","item":"https:\/\/www.runemester.dk\/middelalderdage\/"},{"@type":"ListItem","position":2,"name":"[:da]Bodholdere[:en]Trade[:]","item":"https:\/\/www.runemester.dk\/middelalderdage\/bodholdere\/"},{"@type":"ListItem","position":3,"name":"[:da]Madordning[:en]Meals[:]"}]},{"@type":"WebSite","@id":"https:\/\/www.runemester.dk\/middelalderdage\/#website","url":"https:\/\/www.runemester.dk\/middelalderdage\/","name":"Esrum Middelalderdage","description":"[:da]For bodholdere og deltagende | 26. juni - 4. juli 2021[:en]For bodholdere og deltagende | 15 og 16. juni 2019[:]","potentialAction":[{"@type":"SearchAction","target":{"@type":"EntryPoint","urlTemplate":"https:\/\/www.runemester.dk\/middelalderdage\/?s={search_term_string}"},"query-input":{"@type":"PropertyValueSpecification","valueRequired":true,"valueName":"search_term_string"}}],"inLanguage":"da-DK"}]}},"_links":{"self":[{"href":"https:\/\/www.runemester.dk\/middelalderdage\/wp-json\/wp\/v2\/pages\/215","targetHints":{"allow":["GET"]}}],"collection":[{"href":"https:\/\/www.runemester.dk\/middelalderdage\/wp-json\/wp\/v2\/pages"}],"about":[{"href":"https:\/\/www.runemester.dk\/middelalderdage\/wp-json\/wp\/v2\/types\/page"}],"author":[{"embeddable":true,"href":"https:\/\/www.runemester.dk\/middelalderdage\/wp-json\/wp\/v2\/users\/2"}],"replies":[{"embeddable":true,"href":"https:\/\/www.runemester.dk\/middelalderdage\/wp-json\/wp\/v2\/comments?post=215"}],"version-history":[{"count":6,"href":"https:\/\/www.runemester.dk\/middelalderdage\/wp-json\/wp\/v2\/pages\/215\/revisions"}],"predecessor-version":[{"id":683,"href":"https:\/\/www.runemester.dk\/middelalderdage\/wp-json\/wp\/v2\/pages\/215\/revisions\/683"}],"up":[{"embeddable":true,"href":"https:\/\/www.runemester.dk\/middelalderdage\/wp-json\/wp\/v2\/pages\/178"}],"wp:attachment":[{"href":"https:\/\/www.runemester.dk\/middelalderdage\/wp-json\/wp\/v2\/media?parent=215"}],"curies":[{"name":"wp","href":"https:\/\/api.w.org\/{rel}","templated":true}]}}