{"id":213,"date":"2016-01-13T11:54:49","date_gmt":"2016-01-13T11:54:49","guid":{"rendered":"https:\/\/middelalderdage.wordpress.com\/madordning\/"},"modified":"2021-05-19T15:54:25","modified_gmt":"2021-05-19T13:54:25","slug":"madordning-grupper","status":"publish","type":"page","link":"https:\/\/www.runemester.dk\/middelalderdage\/grupper\/madordning-grupper\/","title":{"rendered":"[:da]Madordning[:en]Meals[:]"},"content":{"rendered":"[:da]Vi kan desv\u00e6rre ikke tilbyde madordning l\u00e6neger, da der kommet ny aftale med caf\u00e9n og vi derfor ikke kan r\u00e5de over k\u00f8kkenet. Dog vil vi gerne inviterer alle akt\u00f8re p\u00e5 middag s\u00f8ndag d. 27.juni.<\/p>\n<p>For grupper med honorar\u00a0 kan et tilskud til mad aftales.<\/p>\n<p>&nbsp;[:en]The canteen service\u00a0consists of breakfast on Saturday and Sunday, lunch Saturday and Sunday and dinner Saturday.<\/p>\n<p>Upon arrival Thursday or Friday, it is possible to buy lunch and dinner at the Mill Caf\u00e9.<\/p>\n<p>The canteen service is included for groups with contract.\u00a0However, we charge a surcharge of 25 DKK. per. pers. for dinner Saturday which is due upon arrival.<\/p>\n<p>For groups without a contract, is it also possible to join our canteen service. The price for the service is 250 DKK. per. adult and 125 DKK. per child.[:]\n","protected":false},"excerpt":{"rendered":"<p>[:da]Vi kan desv\u00e6rre ikke tilbyde madordning l\u00e6neger, da der kommet ny aftale med caf\u00e9n og vi derfor ikke kan r\u00e5de over k\u00f8kkenet. Dog vil vi gerne inviterer alle akt\u00f8re p\u00e5 middag s\u00f8ndag d. 27.juni. For grupper med honorar\u00a0 kan et tilskud til mad aftales. &nbsp;[:en]The canteen service\u00a0consists of breakfast on Saturday and Sunday, lunch Saturday [&hellip;]<\/p>\n","protected":false},"author":2,"featured_media":0,"parent":175,"menu_order":0,"comment_status":"closed","ping_status":"closed","template":"","meta":{"footnotes":""},"class_list":["post-213","page","type-page","status-publish","hentry"],"yoast_head":"<!-- This site is optimized with the Yoast SEO plugin v26.5 - https:\/\/yoast.com\/wordpress\/plugins\/seo\/ -->\n<title>[:da]Madordning[:en]Meals[:] - Esrum Middelalderdage<\/title>\n<meta name=\"robots\" content=\"index, follow, max-snippet:-1, max-image-preview:large, max-video-preview:-1\" \/>\n<link rel=\"canonical\" href=\"https:\/\/www.runemester.dk\/middelalderdage\/grupper\/madordning-grupper\/\" \/>\n<meta property=\"og:locale\" content=\"da_DK\" \/>\n<meta property=\"og:type\" content=\"article\" \/>\n<meta property=\"og:title\" content=\"[:da]Madordning[:en]Meals[:] - Esrum Middelalderdage\" \/>\n<meta property=\"og:description\" content=\"[:da]Vi kan desv\u00e6rre ikke tilbyde madordning l\u00e6neger, da der kommet ny aftale med caf\u00e9n og vi derfor ikke kan r\u00e5de over k\u00f8kkenet. Dog vil vi gerne inviterer alle akt\u00f8re p\u00e5 middag s\u00f8ndag d. 27.juni. For grupper med honorar\u00a0 kan et tilskud til mad aftales. &nbsp;[:en]The canteen service\u00a0consists of breakfast on Saturday and Sunday, lunch Saturday [&hellip;]\" \/>\n<meta property=\"og:url\" content=\"https:\/\/www.runemester.dk\/middelalderdage\/grupper\/madordning-grupper\/\" \/>\n<meta property=\"og:site_name\" content=\"Esrum Middelalderdage\" \/>\n<meta property=\"article:modified_time\" content=\"2021-05-19T13:54:25+00:00\" \/>\n<meta name=\"twitter:card\" content=\"summary_large_image\" \/>\n<meta name=\"twitter:label1\" content=\"Estimeret l\u00e6setid\" \/>\n\t<meta name=\"twitter:data1\" content=\"1 minut\" \/>\n<script type=\"application\/ld+json\" class=\"yoast-schema-graph\">{\"@context\":\"https:\/\/schema.org\",\"@graph\":[{\"@type\":\"WebPage\",\"@id\":\"https:\/\/www.runemester.dk\/middelalderdage\/grupper\/madordning-grupper\/\",\"url\":\"https:\/\/www.runemester.dk\/middelalderdage\/grupper\/madordning-grupper\/\",\"name\":\"[:da]Madordning[:en]Meals[:] - Esrum Middelalderdage\",\"isPartOf\":{\"@id\":\"https:\/\/www.runemester.dk\/middelalderdage\/#website\"},\"datePublished\":\"2016-01-13T11:54:49+00:00\",\"dateModified\":\"2021-05-19T13:54:25+00:00\",\"breadcrumb\":{\"@id\":\"https:\/\/www.runemester.dk\/middelalderdage\/grupper\/madordning-grupper\/#breadcrumb\"},\"inLanguage\":\"da-DK\",\"potentialAction\":[{\"@type\":\"ReadAction\",\"target\":[\"https:\/\/www.runemester.dk\/middelalderdage\/grupper\/madordning-grupper\/\"]}]},{\"@type\":\"BreadcrumbList\",\"@id\":\"https:\/\/www.runemester.dk\/middelalderdage\/grupper\/madordning-grupper\/#breadcrumb\",\"itemListElement\":[{\"@type\":\"ListItem\",\"position\":1,\"name\":\"Hjem\",\"item\":\"https:\/\/www.runemester.dk\/middelalderdage\/\"},{\"@type\":\"ListItem\",\"position\":2,\"name\":\"[:da]Grupper og akt\u00f8rer[:en]Groups[:]\",\"item\":\"https:\/\/www.runemester.dk\/middelalderdage\/grupper\/\"},{\"@type\":\"ListItem\",\"position\":3,\"name\":\"[:da]Madordning[:en]Meals[:]\"}]},{\"@type\":\"WebSite\",\"@id\":\"https:\/\/www.runemester.dk\/middelalderdage\/#website\",\"url\":\"https:\/\/www.runemester.dk\/middelalderdage\/\",\"name\":\"Esrum Middelalderdage\",\"description\":\"[:da]For bodholdere og deltagende | 26. juni - 4. juli 2021[:en]For bodholdere og deltagende | 15 og 16. juni 2019[:]\",\"potentialAction\":[{\"@type\":\"SearchAction\",\"target\":{\"@type\":\"EntryPoint\",\"urlTemplate\":\"https:\/\/www.runemester.dk\/middelalderdage\/?s={search_term_string}\"},\"query-input\":{\"@type\":\"PropertyValueSpecification\",\"valueRequired\":true,\"valueName\":\"search_term_string\"}}],\"inLanguage\":\"da-DK\"}]}<\/script>\n<!-- \/ Yoast SEO plugin. -->","yoast_head_json":{"title":"[:da]Madordning[:en]Meals[:] - Esrum Middelalderdage","robots":{"index":"index","follow":"follow","max-snippet":"max-snippet:-1","max-image-preview":"max-image-preview:large","max-video-preview":"max-video-preview:-1"},"canonical":"https:\/\/www.runemester.dk\/middelalderdage\/grupper\/madordning-grupper\/","og_locale":"da_DK","og_type":"article","og_title":"[:da]Madordning[:en]Meals[:] - Esrum Middelalderdage","og_description":"[:da]Vi kan desv\u00e6rre ikke tilbyde madordning l\u00e6neger, da der kommet ny aftale med caf\u00e9n og vi derfor ikke kan r\u00e5de over k\u00f8kkenet. Dog vil vi gerne inviterer alle akt\u00f8re p\u00e5 middag s\u00f8ndag d. 27.juni. For grupper med honorar\u00a0 kan et tilskud til mad aftales. &nbsp;[:en]The canteen service\u00a0consists of breakfast on Saturday and Sunday, lunch Saturday [&hellip;]","og_url":"https:\/\/www.runemester.dk\/middelalderdage\/grupper\/madordning-grupper\/","og_site_name":"Esrum Middelalderdage","article_modified_time":"2021-05-19T13:54:25+00:00","twitter_card":"summary_large_image","twitter_misc":{"Estimeret l\u00e6setid":"1 minut"},"schema":{"@context":"https:\/\/schema.org","@graph":[{"@type":"WebPage","@id":"https:\/\/www.runemester.dk\/middelalderdage\/grupper\/madordning-grupper\/","url":"https:\/\/www.runemester.dk\/middelalderdage\/grupper\/madordning-grupper\/","name":"[:da]Madordning[:en]Meals[:] - Esrum Middelalderdage","isPartOf":{"@id":"https:\/\/www.runemester.dk\/middelalderdage\/#website"},"datePublished":"2016-01-13T11:54:49+00:00","dateModified":"2021-05-19T13:54:25+00:00","breadcrumb":{"@id":"https:\/\/www.runemester.dk\/middelalderdage\/grupper\/madordning-grupper\/#breadcrumb"},"inLanguage":"da-DK","potentialAction":[{"@type":"ReadAction","target":["https:\/\/www.runemester.dk\/middelalderdage\/grupper\/madordning-grupper\/"]}]},{"@type":"BreadcrumbList","@id":"https:\/\/www.runemester.dk\/middelalderdage\/grupper\/madordning-grupper\/#breadcrumb","itemListElement":[{"@type":"ListItem","position":1,"name":"Hjem","item":"https:\/\/www.runemester.dk\/middelalderdage\/"},{"@type":"ListItem","position":2,"name":"[:da]Grupper og akt\u00f8rer[:en]Groups[:]","item":"https:\/\/www.runemester.dk\/middelalderdage\/grupper\/"},{"@type":"ListItem","position":3,"name":"[:da]Madordning[:en]Meals[:]"}]},{"@type":"WebSite","@id":"https:\/\/www.runemester.dk\/middelalderdage\/#website","url":"https:\/\/www.runemester.dk\/middelalderdage\/","name":"Esrum Middelalderdage","description":"[:da]For bodholdere og deltagende | 26. juni - 4. juli 2021[:en]For bodholdere og deltagende | 15 og 16. juni 2019[:]","potentialAction":[{"@type":"SearchAction","target":{"@type":"EntryPoint","urlTemplate":"https:\/\/www.runemester.dk\/middelalderdage\/?s={search_term_string}"},"query-input":{"@type":"PropertyValueSpecification","valueRequired":true,"valueName":"search_term_string"}}],"inLanguage":"da-DK"}]}},"_links":{"self":[{"href":"https:\/\/www.runemester.dk\/middelalderdage\/wp-json\/wp\/v2\/pages\/213","targetHints":{"allow":["GET"]}}],"collection":[{"href":"https:\/\/www.runemester.dk\/middelalderdage\/wp-json\/wp\/v2\/pages"}],"about":[{"href":"https:\/\/www.runemester.dk\/middelalderdage\/wp-json\/wp\/v2\/types\/page"}],"author":[{"embeddable":true,"href":"https:\/\/www.runemester.dk\/middelalderdage\/wp-json\/wp\/v2\/users\/2"}],"replies":[{"embeddable":true,"href":"https:\/\/www.runemester.dk\/middelalderdage\/wp-json\/wp\/v2\/comments?post=213"}],"version-history":[{"count":6,"href":"https:\/\/www.runemester.dk\/middelalderdage\/wp-json\/wp\/v2\/pages\/213\/revisions"}],"predecessor-version":[{"id":1064,"href":"https:\/\/www.runemester.dk\/middelalderdage\/wp-json\/wp\/v2\/pages\/213\/revisions\/1064"}],"up":[{"embeddable":true,"href":"https:\/\/www.runemester.dk\/middelalderdage\/wp-json\/wp\/v2\/pages\/175"}],"wp:attachment":[{"href":"https:\/\/www.runemester.dk\/middelalderdage\/wp-json\/wp\/v2\/media?parent=213"}],"curies":[{"name":"wp","href":"https:\/\/api.w.org\/{rel}","templated":true}]}}