{"id":211,"date":"2016-01-13T11:53:36","date_gmt":"2016-01-13T11:53:36","guid":{"rendered":"https:\/\/middelalderdage.wordpress.com\/hvem-er-vi\/"},"modified":"2019-06-05T15:11:25","modified_gmt":"2019-06-05T13:11:25","slug":"hvem-er-vi","status":"publish","type":"page","link":"https:\/\/www.runemester.dk\/middelalderdage\/om-esrum-kloster\/hvem-er-vi\/","title":{"rendered":"[:da]Hvem er vi[:en]About us[:]"},"content":{"rendered":"\n[:da]Esrum Kloster &amp; M\u00f8lleg\u00e5rd (EKM) er en selvejende fond, hvis opgave er at formidle stedets kultur-og naturhistorie.&nbsp; P\u00e5 M\u00f8lleg\u00e5rden ligger Fonden Kilden, der driver en STU uddannelse, som ogs\u00e5 driver M\u00f8llecaf\u00e9en.<\/p>\n\n\n\n<p>EKM best\u00e5r af en publikumsafdeling, en driftsafdeling og administration.<\/p>\n\n\n\n<p>I vil som deltagere p\u00e5 Esrum Middelalderdage, have mest kontakt med publikums- og driftsafdelingen.<\/p>\n\n\n\n<div class=\"wp-block-media-text alignwide has-media-on-the-right has-cyan-bluish-gray-background-color is-stacked-on-mobile\"><figure class=\"wp-block-media-text__media\"><img loading=\"lazy\" decoding=\"async\" width=\"1024\" height=\"947\" src=\"https:\/\/www.runemester.dk\/middelalderdage\/wp-content\/uploads\/sites\/6\/2019\/06\/Tine19-1024x947.jpg\" alt=\"\" class=\"wp-image-1030\" srcset=\"https:\/\/www.runemester.dk\/middelalderdage\/wp-content\/uploads\/sites\/6\/2019\/06\/Tine19-1024x947.jpg 1024w, https:\/\/www.runemester.dk\/middelalderdage\/wp-content\/uploads\/sites\/6\/2019\/06\/Tine19-300x278.jpg 300w, https:\/\/www.runemester.dk\/middelalderdage\/wp-content\/uploads\/sites\/6\/2019\/06\/Tine19-768x711.jpg 768w, https:\/\/www.runemester.dk\/middelalderdage\/wp-content\/uploads\/sites\/6\/2019\/06\/Tine19.jpg 1323w\" sizes=\"auto, (max-width: 1024px) 100vw, 1024px\" \/><\/figure><div class=\"wp-block-media-text__content\">\n<p><\/p>\n\n\n\n<ul class=\"wp-block-list\"><li> Projektleder for Esrum Middelalderdage samt ansvarlig for booking af shows og boder: Tine Danielsen &#8211; <a href=\"mailto:tine@esrum.dk\">tine@esrum.dk<\/a><\/li><\/ul>\n<\/div><\/div>\n\n\n\n<div class=\"wp-block-media-text alignwide has-media-on-the-right has-cyan-bluish-gray-background-color\"><figure class=\"wp-block-media-text__media\"><img loading=\"lazy\" decoding=\"async\" width=\"1024\" height=\"842\" src=\"https:\/\/www.runemester.dk\/middelalderdage\/wp-content\/uploads\/sites\/6\/2019\/06\/katrine19-1024x842.jpg\" alt=\"\" class=\"wp-image-1031\" srcset=\"https:\/\/www.runemester.dk\/middelalderdage\/wp-content\/uploads\/sites\/6\/2019\/06\/katrine19-1024x842.jpg 1024w, https:\/\/www.runemester.dk\/middelalderdage\/wp-content\/uploads\/sites\/6\/2019\/06\/katrine19-300x247.jpg 300w, https:\/\/www.runemester.dk\/middelalderdage\/wp-content\/uploads\/sites\/6\/2019\/06\/katrine19-768x632.jpg 768w, https:\/\/www.runemester.dk\/middelalderdage\/wp-content\/uploads\/sites\/6\/2019\/06\/katrine19.jpg 1728w\" sizes=\"auto, (max-width: 1024px) 100vw, 1024px\" \/><\/figure><div class=\"wp-block-media-text__content\">\n<ul class=\"wp-block-list\"><li> Ansvarlig for publikumsaktiviteter og frivillige: Katrine de Waal \u2013 <a href=\"mailto:katrine@esrum.dk\">katrine@esrum.dk<\/a><\/li><\/ul>\n<\/div><\/div>\n\n\n\n<div class=\"wp-block-media-text alignwide has-media-on-the-right has-cyan-bluish-gray-background-color\"><figure class=\"wp-block-media-text__media\"><img loading=\"lazy\" decoding=\"async\" width=\"1024\" height=\"788\" src=\"https:\/\/www.runemester.dk\/middelalderdage\/wp-content\/uploads\/sites\/6\/2019\/06\/Kristina19-1024x788.jpg\" alt=\"\" class=\"wp-image-1033\" srcset=\"https:\/\/www.runemester.dk\/middelalderdage\/wp-content\/uploads\/sites\/6\/2019\/06\/Kristina19-1024x788.jpg 1024w, https:\/\/www.runemester.dk\/middelalderdage\/wp-content\/uploads\/sites\/6\/2019\/06\/Kristina19-300x231.jpg 300w, https:\/\/www.runemester.dk\/middelalderdage\/wp-content\/uploads\/sites\/6\/2019\/06\/Kristina19-768x591.jpg 768w, https:\/\/www.runemester.dk\/middelalderdage\/wp-content\/uploads\/sites\/6\/2019\/06\/Kristina19.jpg 1728w\" sizes=\"auto, (max-width: 1024px) 100vw, 1024px\" \/><\/figure><div class=\"wp-block-media-text__content\">\n<ul class=\"wp-block-list\"><li>Ansvarlig for kommunikation og markedsf\u00f8ring:&nbsp; Kristina Bille Damsgaard&nbsp; \u2013 kristina@esrum.dk<\/li><\/ul>\n<\/div><\/div>\n\n\n\n<div class=\"wp-block-media-text alignwide has-media-on-the-right has-cyan-bluish-gray-background-color\"><figure class=\"wp-block-media-text__media\"><img decoding=\"async\" src=\"https:\/\/www.runemester.dk\/middelalderdage\/wp-content\/uploads\/sites\/6\/2019\/06\/lisbeth19-1024x939.jpg\" alt=\"Dette billede har en tom ALT-egenskab (billedbeskrivelse). Filnavnet er lisbeth19-1024x939.jpg\" \/><\/figure><div class=\"wp-block-media-text__content\">\n<ul class=\"wp-block-list\"><li> Ansvarlig for forplejning: Lisbeth M\u00f8enbak \u2013 <a href=\"mailto:lisbeth@esrum.dk\">lisbeth@esrum.dk\ufeff<\/a><\/li><\/ul>\n<\/div><\/div>\n\n\n\n<div class=\"wp-block-media-text alignwide has-media-on-the-right has-cyan-bluish-gray-background-color\"><figure class=\"wp-block-media-text__media\"><img loading=\"lazy\" decoding=\"async\" width=\"1024\" height=\"831\" src=\"https:\/\/www.runemester.dk\/middelalderdage\/wp-content\/uploads\/sites\/6\/2019\/06\/vibeke219-1024x831.jpg\" alt=\"\" class=\"wp-image-1035\" srcset=\"https:\/\/www.runemester.dk\/middelalderdage\/wp-content\/uploads\/sites\/6\/2019\/06\/vibeke219-1024x831.jpg 1024w, https:\/\/www.runemester.dk\/middelalderdage\/wp-content\/uploads\/sites\/6\/2019\/06\/vibeke219-300x243.jpg 300w, https:\/\/www.runemester.dk\/middelalderdage\/wp-content\/uploads\/sites\/6\/2019\/06\/vibeke219-768x623.jpg 768w, https:\/\/www.runemester.dk\/middelalderdage\/wp-content\/uploads\/sites\/6\/2019\/06\/vibeke219.jpg 1570w\" sizes=\"auto, (max-width: 1024px) 100vw, 1024px\" \/><\/figure><div class=\"wp-block-media-text__content\">\n<ul class=\"wp-block-list\"><li> Ansvarlig for EKMs butik og egne boder: Vibeke Cavling Clausen &#8211; vibeke@esrum.dk <\/li><\/ul>\n<\/div><\/div>\n\n\n\n<p class=\"has-background has-cyan-bluish-gray-background-color\">Driftchef: Jean Brua Hansen \u2013 <a href=\"mailto:jean@esrum.dk\">jean@esrum.d<\/a><\/p>\n\n\n\n<p class=\"has-background has-cyan-bluish-gray-background-color\">Drift: Christian Lytton \u2013 <a href=\"mailto:cl@esrum.dk\">cl@esrum.dk<\/a><\/p>\n\n\n\n<p class=\"has-background has-cyan-bluish-gray-background-color\">Drift: Mikkel Jensen &#8211;  <a href=\"mailto:mj@esrum.dk\">mj@esrum.dk<\/a>\u00a0 <\/p>\n\n\n\n<p>Ellers best\u00e5r EKM blandt andet af publikumschef Helle Simonsen og regnskabsmedarbejder Tanja Wendel Johansen [:en]Esrum Abbey &amp; Millfarm is an independent foundation whose task is to disseminate the culture of and natural history of the building and it&#8217;s surroundings.<\/p>\n\n\n\n<p>Esrum Abbey consists of a audience division, a production division and the administration.<\/p>\n\n\n\n<p>You will as participant most likely have contact with the audience- and production division.<\/p>\n\n\n\n<p>Project Manager for Esrum Medieval Days and responsible for Shows and Stalls:&nbsp; Tine Danielsen &#8211;&nbsp;tine@esrum.dk<\/p>\n\n\n\n<p>Responsible for activities for visitors and volunteers: Katrine De Waal \u2013 <a href=\"mailto:katrine@esrum.dk\">katrine@esrum.dk<\/a><\/p>\n\n\n\n<p><span class=\"hps\">Responsible<\/span> <span class=\"hps\">for<\/span> <span class=\"hps\">catering<\/span>: Lisbeth M\u00f8enbak \u2013 <a href=\"mailto:lisbeth@esrum.dk\">lisbeth@esrum.dk<\/a><\/p>\n\n\n\n<p>Responsible for communication and marketing: Kristina Bille Damsgaard \u2013 <a href=\"_wp_link_placeholder\" data-wplink-edit=\"true\">kristina@esrum.dk<\/a><\/p>\n\n\n\n<p>Head of Production: Jean Brua Hansen \u2013 <a href=\"mailto:jean@esrum.dk\">jean@esrum.dk<\/a><\/p>\n\n\n\n<p>Production: Christian Lytton \u2013 <a href=\"mailto:cl@esrum.dk\">cl@esrum.dk<\/a><\/p>\n\n\n\n<p>Otherwise Esrum Abbey consists, among others of, head of the audience divison Helle Simonsen and accounting manager Tanja Wendel Johansen.[:]\n","protected":false},"excerpt":{"rendered":"<p>[:da]Esrum Kloster &amp; M\u00f8lleg\u00e5rd (EKM) er en selvejende fond, hvis opgave er at formidle stedets kultur-og naturhistorie.&nbsp; P\u00e5 M\u00f8lleg\u00e5rden ligger Fonden Kilden, der driver en STU uddannelse, som ogs\u00e5 driver M\u00f8llecaf\u00e9en. EKM best\u00e5r af en publikumsafdeling, en driftsafdeling og administration. I vil som deltagere p\u00e5 Esrum Middelalderdage, have mest kontakt med publikums- og driftsafdelingen. Projektleder [&hellip;]<\/p>\n","protected":false},"author":2,"featured_media":0,"parent":60,"menu_order":0,"comment_status":"closed","ping_status":"closed","template":"","meta":{"footnotes":""},"class_list":["post-211","page","type-page","status-publish","hentry"],"yoast_head":"<!-- This site is optimized with the Yoast SEO plugin v26.5 - https:\/\/yoast.com\/wordpress\/plugins\/seo\/ -->\n<title>[:da]Hvem er vi[:en]About us[:] - Esrum Middelalderdage<\/title>\n<meta name=\"robots\" content=\"index, follow, max-snippet:-1, max-image-preview:large, max-video-preview:-1\" \/>\n<link rel=\"canonical\" href=\"https:\/\/www.runemester.dk\/middelalderdage\/om-esrum-kloster\/hvem-er-vi\/\" \/>\n<meta property=\"og:locale\" content=\"da_DK\" \/>\n<meta property=\"og:type\" content=\"article\" \/>\n<meta property=\"og:title\" content=\"[:da]Hvem er vi[:en]About us[:] - Esrum Middelalderdage\" \/>\n<meta property=\"og:description\" content=\"[:da]Esrum Kloster &amp; M\u00f8lleg\u00e5rd (EKM) er en selvejende fond, hvis opgave er at formidle stedets kultur-og naturhistorie.&nbsp; P\u00e5 M\u00f8lleg\u00e5rden ligger Fonden Kilden, der driver en STU uddannelse, som ogs\u00e5 driver M\u00f8llecaf\u00e9en. EKM best\u00e5r af en publikumsafdeling, en driftsafdeling og administration. I vil som deltagere p\u00e5 Esrum Middelalderdage, have mest kontakt med publikums- og driftsafdelingen. Projektleder [&hellip;]\" \/>\n<meta property=\"og:url\" content=\"https:\/\/www.runemester.dk\/middelalderdage\/om-esrum-kloster\/hvem-er-vi\/\" \/>\n<meta property=\"og:site_name\" content=\"Esrum Middelalderdage\" \/>\n<meta property=\"article:modified_time\" content=\"2019-06-05T13:11:25+00:00\" \/>\n<meta property=\"og:image\" content=\"https:\/\/www.runemester.dk\/middelalderdage\/wp-content\/uploads\/sites\/6\/2019\/06\/Tine19-1024x947.jpg\" \/>\n<meta name=\"twitter:card\" content=\"summary_large_image\" \/>\n<meta name=\"twitter:label1\" content=\"Estimeret l\u00e6setid\" \/>\n\t<meta name=\"twitter:data1\" content=\"2 minutter\" \/>\n<script type=\"application\/ld+json\" class=\"yoast-schema-graph\">{\"@context\":\"https:\/\/schema.org\",\"@graph\":[{\"@type\":\"WebPage\",\"@id\":\"https:\/\/www.runemester.dk\/middelalderdage\/om-esrum-kloster\/hvem-er-vi\/\",\"url\":\"https:\/\/www.runemester.dk\/middelalderdage\/om-esrum-kloster\/hvem-er-vi\/\",\"name\":\"[:da]Hvem er vi[:en]About us[:] - Esrum Middelalderdage\",\"isPartOf\":{\"@id\":\"https:\/\/www.runemester.dk\/middelalderdage\/#website\"},\"primaryImageOfPage\":{\"@id\":\"https:\/\/www.runemester.dk\/middelalderdage\/om-esrum-kloster\/hvem-er-vi\/#primaryimage\"},\"image\":{\"@id\":\"https:\/\/www.runemester.dk\/middelalderdage\/om-esrum-kloster\/hvem-er-vi\/#primaryimage\"},\"thumbnailUrl\":\"https:\/\/www.runemester.dk\/middelalderdage\/wp-content\/uploads\/sites\/6\/2019\/06\/Tine19-1024x947.jpg\",\"datePublished\":\"2016-01-13T11:53:36+00:00\",\"dateModified\":\"2019-06-05T13:11:25+00:00\",\"breadcrumb\":{\"@id\":\"https:\/\/www.runemester.dk\/middelalderdage\/om-esrum-kloster\/hvem-er-vi\/#breadcrumb\"},\"inLanguage\":\"da-DK\",\"potentialAction\":[{\"@type\":\"ReadAction\",\"target\":[\"https:\/\/www.runemester.dk\/middelalderdage\/om-esrum-kloster\/hvem-er-vi\/\"]}]},{\"@type\":\"ImageObject\",\"inLanguage\":\"da-DK\",\"@id\":\"https:\/\/www.runemester.dk\/middelalderdage\/om-esrum-kloster\/hvem-er-vi\/#primaryimage\",\"url\":\"https:\/\/www.runemester.dk\/middelalderdage\/wp-content\/uploads\/sites\/6\/2019\/06\/Tine19.jpg\",\"contentUrl\":\"https:\/\/www.runemester.dk\/middelalderdage\/wp-content\/uploads\/sites\/6\/2019\/06\/Tine19.jpg\",\"width\":1323,\"height\":1224},{\"@type\":\"BreadcrumbList\",\"@id\":\"https:\/\/www.runemester.dk\/middelalderdage\/om-esrum-kloster\/hvem-er-vi\/#breadcrumb\",\"itemListElement\":[{\"@type\":\"ListItem\",\"position\":1,\"name\":\"Hjem\",\"item\":\"https:\/\/www.runemester.dk\/middelalderdage\/\"},{\"@type\":\"ListItem\",\"position\":2,\"name\":\"[:da]Esrum Kloster[:en]Esrum Abbey[:]\",\"item\":\"https:\/\/www.runemester.dk\/middelalderdage\/om-esrum-kloster\/\"},{\"@type\":\"ListItem\",\"position\":3,\"name\":\"[:da]Hvem er vi[:en]About us[:]\"}]},{\"@type\":\"WebSite\",\"@id\":\"https:\/\/www.runemester.dk\/middelalderdage\/#website\",\"url\":\"https:\/\/www.runemester.dk\/middelalderdage\/\",\"name\":\"Esrum Middelalderdage\",\"description\":\"[:da]For bodholdere og deltagende | 26. juni - 4. juli 2021[:en]For bodholdere og deltagende | 15 og 16. juni 2019[:]\",\"potentialAction\":[{\"@type\":\"SearchAction\",\"target\":{\"@type\":\"EntryPoint\",\"urlTemplate\":\"https:\/\/www.runemester.dk\/middelalderdage\/?s={search_term_string}\"},\"query-input\":{\"@type\":\"PropertyValueSpecification\",\"valueRequired\":true,\"valueName\":\"search_term_string\"}}],\"inLanguage\":\"da-DK\"}]}<\/script>\n<!-- \/ Yoast SEO plugin. -->","yoast_head_json":{"title":"[:da]Hvem er vi[:en]About us[:] - Esrum Middelalderdage","robots":{"index":"index","follow":"follow","max-snippet":"max-snippet:-1","max-image-preview":"max-image-preview:large","max-video-preview":"max-video-preview:-1"},"canonical":"https:\/\/www.runemester.dk\/middelalderdage\/om-esrum-kloster\/hvem-er-vi\/","og_locale":"da_DK","og_type":"article","og_title":"[:da]Hvem er vi[:en]About us[:] - Esrum Middelalderdage","og_description":"[:da]Esrum Kloster &amp; M\u00f8lleg\u00e5rd (EKM) er en selvejende fond, hvis opgave er at formidle stedets kultur-og naturhistorie.&nbsp; P\u00e5 M\u00f8lleg\u00e5rden ligger Fonden Kilden, der driver en STU uddannelse, som ogs\u00e5 driver M\u00f8llecaf\u00e9en. EKM best\u00e5r af en publikumsafdeling, en driftsafdeling og administration. I vil som deltagere p\u00e5 Esrum Middelalderdage, have mest kontakt med publikums- og driftsafdelingen. Projektleder [&hellip;]","og_url":"https:\/\/www.runemester.dk\/middelalderdage\/om-esrum-kloster\/hvem-er-vi\/","og_site_name":"Esrum Middelalderdage","article_modified_time":"2019-06-05T13:11:25+00:00","og_image":[{"url":"https:\/\/www.runemester.dk\/middelalderdage\/wp-content\/uploads\/sites\/6\/2019\/06\/Tine19-1024x947.jpg","type":"","width":"","height":""}],"twitter_card":"summary_large_image","twitter_misc":{"Estimeret l\u00e6setid":"2 minutter"},"schema":{"@context":"https:\/\/schema.org","@graph":[{"@type":"WebPage","@id":"https:\/\/www.runemester.dk\/middelalderdage\/om-esrum-kloster\/hvem-er-vi\/","url":"https:\/\/www.runemester.dk\/middelalderdage\/om-esrum-kloster\/hvem-er-vi\/","name":"[:da]Hvem er vi[:en]About us[:] - Esrum Middelalderdage","isPartOf":{"@id":"https:\/\/www.runemester.dk\/middelalderdage\/#website"},"primaryImageOfPage":{"@id":"https:\/\/www.runemester.dk\/middelalderdage\/om-esrum-kloster\/hvem-er-vi\/#primaryimage"},"image":{"@id":"https:\/\/www.runemester.dk\/middelalderdage\/om-esrum-kloster\/hvem-er-vi\/#primaryimage"},"thumbnailUrl":"https:\/\/www.runemester.dk\/middelalderdage\/wp-content\/uploads\/sites\/6\/2019\/06\/Tine19-1024x947.jpg","datePublished":"2016-01-13T11:53:36+00:00","dateModified":"2019-06-05T13:11:25+00:00","breadcrumb":{"@id":"https:\/\/www.runemester.dk\/middelalderdage\/om-esrum-kloster\/hvem-er-vi\/#breadcrumb"},"inLanguage":"da-DK","potentialAction":[{"@type":"ReadAction","target":["https:\/\/www.runemester.dk\/middelalderdage\/om-esrum-kloster\/hvem-er-vi\/"]}]},{"@type":"ImageObject","inLanguage":"da-DK","@id":"https:\/\/www.runemester.dk\/middelalderdage\/om-esrum-kloster\/hvem-er-vi\/#primaryimage","url":"https:\/\/www.runemester.dk\/middelalderdage\/wp-content\/uploads\/sites\/6\/2019\/06\/Tine19.jpg","contentUrl":"https:\/\/www.runemester.dk\/middelalderdage\/wp-content\/uploads\/sites\/6\/2019\/06\/Tine19.jpg","width":1323,"height":1224},{"@type":"BreadcrumbList","@id":"https:\/\/www.runemester.dk\/middelalderdage\/om-esrum-kloster\/hvem-er-vi\/#breadcrumb","itemListElement":[{"@type":"ListItem","position":1,"name":"Hjem","item":"https:\/\/www.runemester.dk\/middelalderdage\/"},{"@type":"ListItem","position":2,"name":"[:da]Esrum Kloster[:en]Esrum Abbey[:]","item":"https:\/\/www.runemester.dk\/middelalderdage\/om-esrum-kloster\/"},{"@type":"ListItem","position":3,"name":"[:da]Hvem er vi[:en]About us[:]"}]},{"@type":"WebSite","@id":"https:\/\/www.runemester.dk\/middelalderdage\/#website","url":"https:\/\/www.runemester.dk\/middelalderdage\/","name":"Esrum Middelalderdage","description":"[:da]For bodholdere og deltagende | 26. juni - 4. juli 2021[:en]For bodholdere og deltagende | 15 og 16. juni 2019[:]","potentialAction":[{"@type":"SearchAction","target":{"@type":"EntryPoint","urlTemplate":"https:\/\/www.runemester.dk\/middelalderdage\/?s={search_term_string}"},"query-input":{"@type":"PropertyValueSpecification","valueRequired":true,"valueName":"search_term_string"}}],"inLanguage":"da-DK"}]}},"_links":{"self":[{"href":"https:\/\/www.runemester.dk\/middelalderdage\/wp-json\/wp\/v2\/pages\/211","targetHints":{"allow":["GET"]}}],"collection":[{"href":"https:\/\/www.runemester.dk\/middelalderdage\/wp-json\/wp\/v2\/pages"}],"about":[{"href":"https:\/\/www.runemester.dk\/middelalderdage\/wp-json\/wp\/v2\/types\/page"}],"author":[{"embeddable":true,"href":"https:\/\/www.runemester.dk\/middelalderdage\/wp-json\/wp\/v2\/users\/2"}],"replies":[{"embeddable":true,"href":"https:\/\/www.runemester.dk\/middelalderdage\/wp-json\/wp\/v2\/comments?post=211"}],"version-history":[{"count":18,"href":"https:\/\/www.runemester.dk\/middelalderdage\/wp-json\/wp\/v2\/pages\/211\/revisions"}],"predecessor-version":[{"id":1047,"href":"https:\/\/www.runemester.dk\/middelalderdage\/wp-json\/wp\/v2\/pages\/211\/revisions\/1047"}],"up":[{"embeddable":true,"href":"https:\/\/www.runemester.dk\/middelalderdage\/wp-json\/wp\/v2\/pages\/60"}],"wp:attachment":[{"href":"https:\/\/www.runemester.dk\/middelalderdage\/wp-json\/wp\/v2\/media?parent=211"}],"curies":[{"name":"wp","href":"https:\/\/api.w.org\/{rel}","templated":true}]}}