{"id":178,"date":"2016-01-12T20:59:53","date_gmt":"2016-01-12T20:59:53","guid":{"rendered":"https:\/\/middelalderdage.wordpress.com\/bodholdere\/"},"modified":"2016-02-22T10:25:03","modified_gmt":"2016-02-22T10:25:03","slug":"bodholdere","status":"publish","type":"page","link":"https:\/\/www.runemester.dk\/middelalderdage\/bodholdere\/","title":{"rendered":"[:da]Bodholdere[:en]Trade[:]"},"content":{"rendered":"[:da]P\u00e5 Esrum Middelalderdage \u00f8nsker vi et bredt udvalg af handelsboder med s\u00e5 autentiske varer som muligt. Vores m\u00e5l er, at markedspladsen skal emme af l\u00e6kre madboder og mangeartede middelaldervarer.<\/p>\n<p>Boden skal repr\u00e6sentere en handelsbod fra perioden omkring 1200 til omkring 1450 og vi forbeholder os ret til at afvise varer, der ikke lever op til dette. For at f\u00e5 det bedst mulige udtryk p\u00e5 markedspladsen er moderne rekvisitter og materialer ikke tilladt \u2013 se mere under retningslinjer.<\/p>\n<h5><strong>H\u00e5ndv\u00e6rkere<\/strong><\/h5>\n<p>Det er gratis at deltage som h\u00e5ndv\u00e6rker p\u00e5 middelalderdagene p\u00e5 den betingelse, at den prim\u00e6re aktivitet er formidling af h\u00e5ndv\u00e6rk og inddragelse af publikum. Man vil blive placeret i h\u00e5ndv\u00e6rksomr\u00e5det eller p\u00e5 markedspladsen.<\/p>\n<p><strong>OBS &#8211; S\u00e6rligt vedr. f\u00f8devarer og SKAT<\/strong><\/p>\n<p>Hvis I \u00f8nsker at s\u00e6lge madvarer fra jeres bod, skal I v\u00e6re s\u00e6rligt opm\u00e6rksomme p\u00e5, om der er specielle krav fra <strong>F\u00f8devarestyrelsen<\/strong>. Vi har udarbejdet et par retningslinjer, men hvis I har yderligere sp\u00f8rgsm\u00e5l, vil vi gerne henvise til <strong>F\u00f8devarestyrelsen<\/strong> p\u00e5 tlf. <strong>72 27 69 00<\/strong>.<\/p>\n<p>Bodholderne skal v\u00e6re opm\u00e6rksomme p\u00e5 om, der er krav fra <strong>SKAT<\/strong> om momsregistrering. Det er bodholderens ansvar at overholde reglerne. <strong>SKAT<\/strong> har mulighed for at lukke jeres bod, hvis de kommer p\u00e5 bes\u00f8g til middelalderdagene, og I ikke kan vise tilstr\u00e6kkelig dokumentation. I kan finde mere information p\u00e5 <a href=\"http:\/\/www.skat.dk\" target=\"_blank\">http:\/\/www.skat.dk<\/a> eller ved at ringe til <strong>SKAT<\/strong> p\u00e5 tlf. <strong>72 22 18 18<\/strong>.<\/p>\n<p>&nbsp;[:en]At Esrum Medieval Days we wish a wide selection of merchants\u00a0with authentic medieval goods. Our aim is to fill the \u00a0marketplace with multifarious medieval goods \u00a0and\u00a0delicious medieval food .<\/p>\n<p>Stalls must conceive trading stalls from the latter half of the high Middle Ages to the first half \u00a0the later Middle Ages ie. 1200-1450 &#8211;\u00a0we reserve the right to reject stalls and goods which do not meet the requirements. Modern requisites and materials are not allowed &#8211;\u00a0<span class=\"hps\">for details see<\/span> <span class=\"hps\"><a href=\"http:\/\/esrummiddelalderdage.dk\/en\/esrum-middelalderdage\/retningslinjer\/\">guidelines<\/a>.<\/span><\/p>\n<h5><strong>Craftsmen<\/strong><\/h5>\n<p>It is free to participate as a craftsman if the primary activity is the provision of craft and involvement of the audience. You will be located in the activity area or in the marketplace.<\/p>\n<p>&nbsp;<\/p>\n<p>&nbsp;<\/p>\n<p>&nbsp;[:]\n","protected":false},"excerpt":{"rendered":"<p>[:da]P\u00e5 Esrum Middelalderdage \u00f8nsker vi et bredt udvalg af handelsboder med s\u00e5 autentiske varer som muligt. Vores m\u00e5l er, at markedspladsen skal emme af l\u00e6kre madboder og mangeartede middelaldervarer. Boden skal repr\u00e6sentere en handelsbod fra perioden omkring 1200 til omkring 1450 og vi forbeholder os ret til at afvise varer, der ikke lever op til [&hellip;]<\/p>\n","protected":false},"author":2,"featured_media":0,"parent":0,"menu_order":0,"comment_status":"closed","ping_status":"closed","template":"","meta":{"footnotes":""},"class_list":["post-178","page","type-page","status-publish","hentry"],"yoast_head":"<!-- This site is optimized with the Yoast SEO plugin v26.5 - https:\/\/yoast.com\/wordpress\/plugins\/seo\/ -->\n<title>[:da]Bodholdere[:en]Trade[:] - Esrum Middelalderdage<\/title>\n<meta name=\"robots\" content=\"index, follow, max-snippet:-1, max-image-preview:large, max-video-preview:-1\" \/>\n<link rel=\"canonical\" href=\"https:\/\/www.runemester.dk\/middelalderdage\/bodholdere\/\" \/>\n<meta property=\"og:locale\" content=\"da_DK\" \/>\n<meta property=\"og:type\" content=\"article\" \/>\n<meta property=\"og:title\" content=\"[:da]Bodholdere[:en]Trade[:] - Esrum Middelalderdage\" \/>\n<meta property=\"og:description\" content=\"[:da]P\u00e5 Esrum Middelalderdage \u00f8nsker vi et bredt udvalg af handelsboder med s\u00e5 autentiske varer som muligt. Vores m\u00e5l er, at markedspladsen skal emme af l\u00e6kre madboder og mangeartede middelaldervarer. Boden skal repr\u00e6sentere en handelsbod fra perioden omkring 1200 til omkring 1450 og vi forbeholder os ret til at afvise varer, der ikke lever op til [&hellip;]\" \/>\n<meta property=\"og:url\" content=\"https:\/\/www.runemester.dk\/middelalderdage\/bodholdere\/\" \/>\n<meta property=\"og:site_name\" content=\"Esrum Middelalderdage\" \/>\n<meta property=\"article:modified_time\" content=\"2016-02-22T10:25:03+00:00\" \/>\n<meta name=\"twitter:card\" content=\"summary_large_image\" \/>\n<meta name=\"twitter:label1\" content=\"Estimeret l\u00e6setid\" \/>\n\t<meta name=\"twitter:data1\" content=\"2 minutter\" \/>\n<script type=\"application\/ld+json\" class=\"yoast-schema-graph\">{\"@context\":\"https:\/\/schema.org\",\"@graph\":[{\"@type\":\"WebPage\",\"@id\":\"https:\/\/www.runemester.dk\/middelalderdage\/bodholdere\/\",\"url\":\"https:\/\/www.runemester.dk\/middelalderdage\/bodholdere\/\",\"name\":\"[:da]Bodholdere[:en]Trade[:] - Esrum Middelalderdage\",\"isPartOf\":{\"@id\":\"https:\/\/www.runemester.dk\/middelalderdage\/#website\"},\"datePublished\":\"2016-01-12T20:59:53+00:00\",\"dateModified\":\"2016-02-22T10:25:03+00:00\",\"breadcrumb\":{\"@id\":\"https:\/\/www.runemester.dk\/middelalderdage\/bodholdere\/#breadcrumb\"},\"inLanguage\":\"da-DK\",\"potentialAction\":[{\"@type\":\"ReadAction\",\"target\":[\"https:\/\/www.runemester.dk\/middelalderdage\/bodholdere\/\"]}]},{\"@type\":\"BreadcrumbList\",\"@id\":\"https:\/\/www.runemester.dk\/middelalderdage\/bodholdere\/#breadcrumb\",\"itemListElement\":[{\"@type\":\"ListItem\",\"position\":1,\"name\":\"Hjem\",\"item\":\"https:\/\/www.runemester.dk\/middelalderdage\/\"},{\"@type\":\"ListItem\",\"position\":2,\"name\":\"[:da]Bodholdere[:en]Trade[:]\"}]},{\"@type\":\"WebSite\",\"@id\":\"https:\/\/www.runemester.dk\/middelalderdage\/#website\",\"url\":\"https:\/\/www.runemester.dk\/middelalderdage\/\",\"name\":\"Esrum Middelalderdage\",\"description\":\"[:da]For bodholdere og deltagende | 26. juni - 4. juli 2021[:en]For bodholdere og deltagende | 15 og 16. juni 2019[:]\",\"potentialAction\":[{\"@type\":\"SearchAction\",\"target\":{\"@type\":\"EntryPoint\",\"urlTemplate\":\"https:\/\/www.runemester.dk\/middelalderdage\/?s={search_term_string}\"},\"query-input\":{\"@type\":\"PropertyValueSpecification\",\"valueRequired\":true,\"valueName\":\"search_term_string\"}}],\"inLanguage\":\"da-DK\"}]}<\/script>\n<!-- \/ Yoast SEO plugin. -->","yoast_head_json":{"title":"[:da]Bodholdere[:en]Trade[:] - Esrum Middelalderdage","robots":{"index":"index","follow":"follow","max-snippet":"max-snippet:-1","max-image-preview":"max-image-preview:large","max-video-preview":"max-video-preview:-1"},"canonical":"https:\/\/www.runemester.dk\/middelalderdage\/bodholdere\/","og_locale":"da_DK","og_type":"article","og_title":"[:da]Bodholdere[:en]Trade[:] - Esrum Middelalderdage","og_description":"[:da]P\u00e5 Esrum Middelalderdage \u00f8nsker vi et bredt udvalg af handelsboder med s\u00e5 autentiske varer som muligt. Vores m\u00e5l er, at markedspladsen skal emme af l\u00e6kre madboder og mangeartede middelaldervarer. Boden skal repr\u00e6sentere en handelsbod fra perioden omkring 1200 til omkring 1450 og vi forbeholder os ret til at afvise varer, der ikke lever op til [&hellip;]","og_url":"https:\/\/www.runemester.dk\/middelalderdage\/bodholdere\/","og_site_name":"Esrum Middelalderdage","article_modified_time":"2016-02-22T10:25:03+00:00","twitter_card":"summary_large_image","twitter_misc":{"Estimeret l\u00e6setid":"2 minutter"},"schema":{"@context":"https:\/\/schema.org","@graph":[{"@type":"WebPage","@id":"https:\/\/www.runemester.dk\/middelalderdage\/bodholdere\/","url":"https:\/\/www.runemester.dk\/middelalderdage\/bodholdere\/","name":"[:da]Bodholdere[:en]Trade[:] - Esrum Middelalderdage","isPartOf":{"@id":"https:\/\/www.runemester.dk\/middelalderdage\/#website"},"datePublished":"2016-01-12T20:59:53+00:00","dateModified":"2016-02-22T10:25:03+00:00","breadcrumb":{"@id":"https:\/\/www.runemester.dk\/middelalderdage\/bodholdere\/#breadcrumb"},"inLanguage":"da-DK","potentialAction":[{"@type":"ReadAction","target":["https:\/\/www.runemester.dk\/middelalderdage\/bodholdere\/"]}]},{"@type":"BreadcrumbList","@id":"https:\/\/www.runemester.dk\/middelalderdage\/bodholdere\/#breadcrumb","itemListElement":[{"@type":"ListItem","position":1,"name":"Hjem","item":"https:\/\/www.runemester.dk\/middelalderdage\/"},{"@type":"ListItem","position":2,"name":"[:da]Bodholdere[:en]Trade[:]"}]},{"@type":"WebSite","@id":"https:\/\/www.runemester.dk\/middelalderdage\/#website","url":"https:\/\/www.runemester.dk\/middelalderdage\/","name":"Esrum Middelalderdage","description":"[:da]For bodholdere og deltagende | 26. juni - 4. juli 2021[:en]For bodholdere og deltagende | 15 og 16. juni 2019[:]","potentialAction":[{"@type":"SearchAction","target":{"@type":"EntryPoint","urlTemplate":"https:\/\/www.runemester.dk\/middelalderdage\/?s={search_term_string}"},"query-input":{"@type":"PropertyValueSpecification","valueRequired":true,"valueName":"search_term_string"}}],"inLanguage":"da-DK"}]}},"_links":{"self":[{"href":"https:\/\/www.runemester.dk\/middelalderdage\/wp-json\/wp\/v2\/pages\/178","targetHints":{"allow":["GET"]}}],"collection":[{"href":"https:\/\/www.runemester.dk\/middelalderdage\/wp-json\/wp\/v2\/pages"}],"about":[{"href":"https:\/\/www.runemester.dk\/middelalderdage\/wp-json\/wp\/v2\/types\/page"}],"author":[{"embeddable":true,"href":"https:\/\/www.runemester.dk\/middelalderdage\/wp-json\/wp\/v2\/users\/2"}],"replies":[{"embeddable":true,"href":"https:\/\/www.runemester.dk\/middelalderdage\/wp-json\/wp\/v2\/comments?post=178"}],"version-history":[{"count":15,"href":"https:\/\/www.runemester.dk\/middelalderdage\/wp-json\/wp\/v2\/pages\/178\/revisions"}],"predecessor-version":[{"id":603,"href":"https:\/\/www.runemester.dk\/middelalderdage\/wp-json\/wp\/v2\/pages\/178\/revisions\/603"}],"wp:attachment":[{"href":"https:\/\/www.runemester.dk\/middelalderdage\/wp-json\/wp\/v2\/media?parent=178"}],"curies":[{"name":"wp","href":"https:\/\/api.w.org\/{rel}","templated":true}]}}